{"id":92,"date":"2025-01-30T14:23:18","date_gmt":"2025-01-30T13:23:18","guid":{"rendered":"https:\/\/www.sicped.it\/congresso2025\/?page_id=92"},"modified":"2025-02-10T11:40:47","modified_gmt":"2025-02-10T10:40:47","slug":"premi","status":"publish","type":"page","link":"https:\/\/www.sicped.it\/congresso2025\/premi\/","title":{"rendered":"Premi"},"content":{"rendered":"<div class=\"wpb-content-wrapper\"><p>[vc_row][vc_column][vc_column_text css=&#8221;&#8221;]<\/p>\n<hr \/>\n<h4><strong>PREMIO \u201cFEDERICO MARSICO\u201d<\/strong><\/h4>\n<hr \/>\n<p><strong>Regolamento<br \/>\n<\/strong><em>Art. 1 <\/em>Il premio viene attivato per ricordare la figura del Prof. Federico Marsico, noto per la sua cultura cardiologica, per il suo spiccato interesse alla Cardiologia Pediatrica, per essere stato Docente Illustre e per avere presieduto con entusiasmo la Societ\u00e0 Italiana di Cardiologia Pediatrica (SICP).<br \/>\n<em>Art. 2 <\/em>Il premio \u00e8 annuale e viene assegnato ad un giovane medico che partecipi in prima persona con un lavoro scientifico selezionato per la presentazione come Comunicazione orale al Congresso Nazionale della SICP.<br \/>\n<em>Art. 3 <\/em>I requisiti sono i seguenti:<br \/>\na) avere un\u2019et\u00e0 inferiore a 38 anni alla data di invio del riassunto della relazione;<br \/>\nb) essere primo autore e relatore del lavoro scientifico presentato;<br \/>\nc) essere Socio della Societ\u00e0 Italiana di Cardiologia Pediatrica e delle Cardiopatie Congenite in regola con le quote associative.<br \/>\n<em>Art. 4<\/em> Il premio consiste in \u20ac 500,00.<br \/>\n<em>Art. 5<\/em> Coloro che sono interessati dovranno fare richiesta al momento della presentazione dell\u2019abstract segnalando la scelta nell\u2019apposito form on-line. I richiedenti dovranno poi inviare una domanda indirizzata al Presidente della SICP indicando le proprie generalit\u00e0, la data di nascita e allegando certificato o copia del diploma di laurea di Medicina e Chirurgia e del riassunto con cui intendono partecipare al Concorso.<br \/>\n<em>Art. 6 <\/em>La Commissione esaminatrice sar\u00e0 costituita dal Consiglio Direttivo della SICP che potr\u00e0 avvalersi del parere di esperti. La premiazione avverr\u00e0 in occasione del Congresso stesso.[\/vc_column_text][\/vc_column][\/vc_row][vc_row][vc_column][vc_column_text css=&#8221;&#8221;]<\/p>\n<hr \/>\n<h4><strong>PREMIO \u201cGIANCARLO RASTELLI\u201d<\/strong><\/h4>\n<hr \/>\n<p><strong>Regolamento<br \/>\n<\/strong><em>Art. 1<\/em> Il premio viene attivato in memoria di Giancarlo Rastelli, celebre e compianto Ricercatore italiano che ha dato importantissimi contributi alla correzione delle cardiopatie congenite.<br \/>\n<em>Art. 2<\/em> I lavori scientifici che concorrono al premio dovranno riportare i risultati di ricerche cliniche e sperimentali nell\u2019ambito del trattamento chirurgico delle cardiopatie congenite.<br \/>\n<em>Art. 3<\/em> Il Premio \u00e8 biennale e viene assegnato in occasione del Congresso SICP congiunto con i Cardiochirurghi.<br \/>\n<em>Art. 4<\/em> Possono concorrere:<\/p>\n<ul>\n<li>i medici di cittadinanza italiana di et\u00e0 inferiore a 38 anni ed iscritti alla Societ\u00e0 Italiana di Cardiologia Pediatrica e delle Cardiopatie Congenite (in regola con le quote associative);<\/li>\n<li>i primi autori e relatori di un lavoro scientifico presentato come comunicazione orale al Congresso SICP congiunto con i Cardiochirurghi.<\/li>\n<\/ul>\n<p><em>Art. 5<\/em> Il premio consiste in \u20ac 500,00.<br \/>\n<em>Art. 6<\/em> Gli interessati al premio Rastelli dovranno fare richiesta al momento della presentazione dell\u2019abstract segnalando la scelta nell\u2019apposito form on-line. I richiedenti dovranno poi inviare una domanda indirizzata al Presidente della SICP indicando le proprie generalit\u00e0, la data di nascita e allegando certificato o copia del diploma di laurea di Medicina e Chirurgia e copia del riassunto con cui intendono partecipare al Concorso.<br \/>\n<em>Art. 7<\/em> La Commissione Esaminatrice sar\u00e0 costituita dal Consiglio Direttivo della SICP che potr\u00e0 avvalersi del parere di esperti. La premiazione avverr\u00e0 in occasione del Congresso stesso.[\/vc_column_text][\/vc_column][\/vc_row][vc_row][vc_column][vc_column_text css=&#8221;&#8221;]<\/p>\n<hr \/>\n<h4><strong>PREMIO \u201cANGELO SORO\u201d<\/strong><\/h4>\n<hr \/>\n<p><strong>Regolamento<br \/>\n<\/strong><em>Art. 1 <\/em>Il premio viene istituito per ricordare la figura del Dott. Angelo Soro, appassionato e stimato cultore della Cardiologia Pediatrica; ne ha favorito la diffusione e lo sviluppo in Italia con la sua attivit\u00e0 nella Societ\u00e0 Italiana di Cardiologia Pediatrica (SICP) che ha presieduto con entusiasmo per due mandati.<br \/>\n<em>Art. 2 <\/em>Il premio \u00e8 annuale e viene assegnato ad un giovane medico autore di una Comunicazione breve o di un Poster selezionato per la presentazione al Congresso Nazionale della SICP.<br \/>\n<em>Art. 3 <\/em>I requisiti sono i seguenti:<br \/>\na) essere socio della SICP in regola con la quota associativa;<br \/>\nb) avere un\u2019et\u00e0 inferiore a 38 anni alla data di invio del riassunto del lavoro;<br \/>\nc) essere primo autore e relatore del lavoro scientifico presentato.<br \/>\n<em>Art. 4 <\/em>Il premio consiste in \u20ac 500,00.<br \/>\n<em>Art. 5 <\/em>Coloro che sono interessati dovranno fare richiesta al momento della presentazione dell\u2019abstract segnalando la scelta nell\u2019apposito form on-line. I richiedenti dovranno poi inviare una domanda indirizzata al Presidente della SICP indicando le proprie generalit\u00e0, la data di nascita e allegando certificato o copia del diploma di laurea di Medicina e Chirurgia e del riassunto con cui intendono partecipare al Concorso.<br \/>\n<em>Art. 6 <\/em>La Commissione esaminatrice sar\u00e0 costituita dal Consiglio Direttivo della SICP che potr\u00e0 avvalersi del parere di esperti. La premiazione avverr\u00e0 in occasione del Congresso.[\/vc_column_text][\/vc_column][\/vc_row][vc_row][vc_column][vc_column_text css=&#8221;&#8221;]<\/p>\n<hr \/>\n<h4><strong>PREMIO NURSING \u201cGABRIELLA ZUNNINO\u201d<\/strong><\/h4>\n<hr \/>\n<p><strong>Regolamento<br \/>\n<\/strong><em>Art. 1 <\/em>Il premio viene istituito per ricordare la figura di Gabriella Zunnino.<br \/>\n<em>Art. 2 <\/em>Il premio \u00e8 annuale e viene assegnato al professionista che presenta in prima persona un Poster o una Comunicazione, selezionata per la presentazione al Congresso Nazionale della SICP.<br \/>\n<em>Art. 3 <\/em>I requisiti sono i seguenti:<br \/>\na) essere Affiliato in regola con la quota associativa;<br \/>\nb) essere primo autore e relatore del lavoro scientifico presentato.<br \/>\n<em>Art. 4 <\/em>Verr\u00e0 premiato il miglior lavoro scelto tra le Comunicazioni ed i Poster presentati nell\u2019ambito delle sessioni Nursing. Tutte le Comunicazioni e i Poster selezionati partecipano al premio.<br \/>\n<em>Art. 5 <\/em>La Commissione esaminatrice \u00e8 costituita dal Coordinatore degli Affiliati in collaborazione con due Affiliati esperti, da lui scelti in sede di Congresso.<br \/>\n<em>Art. 6 <\/em>Il premio consiste in \u20ac 500,00 e verr\u00e0 consegnato nell\u2019ultima giornata, prima della chiusura del Congresso.[\/vc_column_text][\/vc_column][\/vc_row]<\/p>\n<\/div>","protected":false},"excerpt":{"rendered":"<p>[vc_row][vc_column][vc_column_text css=&#8221;&#8221;] PREMIO \u201cFEDERICO MARSICO\u201d Regolamento Art. 1 Il premio viene attivato per ricordare la figura del Prof. Federico Marsico,&#8230;<\/p>\n","protected":false},"author":2,"featured_media":0,"parent":0,"menu_order":0,"comment_status":"closed","ping_status":"closed","template":"","meta":{"footnotes":""},"class_list":["post-92","page","type-page","status-publish"],"_links":{"self":[{"href":"https:\/\/www.sicped.it\/congresso2025\/wp-json\/wp\/v2\/pages\/92","targetHints":{"allow":["GET"]}}],"collection":[{"href":"https:\/\/www.sicped.it\/congresso2025\/wp-json\/wp\/v2\/pages"}],"about":[{"href":"https:\/\/www.sicped.it\/congresso2025\/wp-json\/wp\/v2\/types\/page"}],"author":[{"embeddable":true,"href":"https:\/\/www.sicped.it\/congresso2025\/wp-json\/wp\/v2\/users\/2"}],"replies":[{"embeddable":true,"href":"https:\/\/www.sicped.it\/congresso2025\/wp-json\/wp\/v2\/comments?post=92"}],"version-history":[{"count":11,"href":"https:\/\/www.sicped.it\/congresso2025\/wp-json\/wp\/v2\/pages\/92\/revisions"}],"predecessor-version":[{"id":239,"href":"https:\/\/www.sicped.it\/congresso2025\/wp-json\/wp\/v2\/pages\/92\/revisions\/239"}],"wp:attachment":[{"href":"https:\/\/www.sicped.it\/congresso2025\/wp-json\/wp\/v2\/media?parent=92"}],"curies":[{"name":"wp","href":"https:\/\/api.w.org\/{rel}","templated":true}]}}